{"id":503,"date":"2019-07-12T07:46:51","date_gmt":"2019-07-12T06:46:51","guid":{"rendered":"http:\/\/be2030.be\/de\/index.php\/our-services\/"},"modified":"2024-04-06T12:42:46","modified_gmt":"2024-04-06T11:42:46","slug":"wer-wir-sind","status":"publish","type":"page","link":"https:\/\/be2030.be\/de\/wer-wir-sind\/","title":{"rendered":"Wer wir sind"},"content":{"rendered":"[vc_row content_placement=&#187;middle&#187; css=&#187;.vc_custom_1563775325489{border-bottom-width: 1px !important;padding-bottom: 50px !important;border-bottom-color: #d0d1d1 !important;border-bottom-style: solid !important;}&#187;][vc_column width=&#187;1\/3&#8243; custom_styles_mobile=&#187;.vc_custom_1609274914432{padding-bottom: 30px !important;}&#187;][vc_column_text]\n<h3 style=\"text-align: center;\">Wer wir sind ?<\/h3>\n[\/vc_column_text][\/vc_column][vc_column width=&#187;2\/3&#8243;][vc_column_text]Eine kurze Vorstellung der Personen, die sich f\u00fcr die Plattform BE2030 United for Belgium engagieren.<\/p>\n<p>Ein Vorsitzender mit einem Vorstand und st\u00e4ndigen Mitgliedern, deren Ziel es ist, der gro\u00dfen Mehrheit unserer Mitb\u00fcrger, die f\u00fcr ein wohlhabendes, solidarisches und geeintes Belgien sind, Sichtbarkeit zu verleihen.[\/vc_column_text][\/vc_column][\/vc_row][vc_row css=&#187;.vc_custom_1569495316594{margin-top: 50px !important;}&#187;][vc_column width=&#187;1\/4&#8243; css=&#187;.vc_custom_1611611006685{padding-left: 50px !important;}&#187;]<div id='cws_image_69de34eb60904' class='cws_image_module effect-no_hover'><div class=\"main_image\"><img decoding=\"async\" src=\"https:\/\/be2030.be\/de\/wp-content\/uploads\/sites\/8\/2020\/12\/paul-bosmans.jpg\" srcset=\"\" sizes=\"(max-width: 162px) 100vw, 162px\" alt=\"Paul Bosmans\" class=\"main-image-main\" \/><\/div><\/div>[\/vc_column][vc_column width=&#187;3\/4&#8243; css=&#187;.vc_custom_1609277960115{padding-top: 10px !important;}&#187;]<div class='cws_textmodule_69de34eb60c5e cws_textmodule subtitle_above add_divider divider_position_under'><div class='cws_textmodule_header'><div class='cws_textmodule_subtitle'>Kommunikation und Fundraising \/ Vorsitzender<\/div><div class='cws_textmodule_title_wrapper'><h3 class='cws_textmodule_title'><span class='cws_textmodule_title_pattern'>Paul Bosmans<\/span><\/h3><\/div><\/div><div class='cws_textmodule_divider'><div class='cws_textmodule_divider_icon'><div class='cws_textmodule_divider_icon_large'><\/div><\/div><\/div><div class='cws_textmodule_content_wrapper'><p>Nach 20 Jahren Unternehmertum gr\u00fcndete Paul Bosmans die Pulse Foundation, eine philanthropische Initiative f\u00fcr Unternehmerfamilien in ganz Belgien, um den Wohlstand Belgiens durch die Unterst\u00fctzung des Unternehmertums aufrechtzuerhalten.<\/p>\n<p>Im Jahr 2020 beteiligte er sich an der Gr\u00fcndung von BE2030 United for Belgium, um den Spaltungen und der leichtfertigen Verwaltung des Landes entgegenzuwirken, die unseren Wohlstand gef\u00e4hrden.<\/p>\n<\/div><\/div>[\/vc_column][\/vc_row][vc_row css=&#187;.vc_custom_1569495316594{margin-top: 50px !important;}&#187;][vc_column width=&#187;1\/4&#8243;]<div id='cws_image_69de34eb60ef3' class='cws_image_module effect-no_hover'><div class=\"main_image\"><img decoding=\"async\" src=\"https:\/\/be2030.be\/de\/wp-content\/uploads\/sites\/8\/2020\/12\/denis-bouwen.png\" srcset=\"\" sizes=\"(max-width: 276px) 100vw, 276px\" alt=\"Denis Bouwen\" class=\"main-image-main\" \/><\/div><\/div>[\/vc_column][vc_column width=&#187;3\/4&#8243; css=&#187;.vc_custom_1609277960115{padding-top: 10px !important;}&#187;]<div class='cws_textmodule_69de34eb6120f cws_textmodule subtitle_above add_divider divider_position_under'><div class='cws_textmodule_header'><div class='cws_textmodule_subtitle'>Vorstandsmitglied<\/div><div class='cws_textmodule_title_wrapper'><h3 class='cws_textmodule_title'><span class='cws_textmodule_title_pattern'>Denis Bouwen<\/span><\/h3><\/div><\/div><div class='cws_textmodule_divider'><div class='cws_textmodule_divider_icon'><div class='cws_textmodule_divider_icon_large'><\/div><\/div><\/div><div class='cws_textmodule_content_wrapper'><p>Denis hat in seiner Karriere bereits viel im Bereich Journalismus und Kommunikation geleistet. Er ist stark sozial engagiert, engagiert sich in verschiedenen Vereinen und hat ein Herz f\u00fcr die Arbeiterbewegung, die DR Kongo \/ Afrika, Fl\u00fcchtlinge, Migranten ohne Papiere und andere Bed\u00fcrftige.<\/p>\n<p>Denis setzt sich auch f\u00fcr die Zukunft Belgiens ein und glaubt an ein modernes Modell, das auf einem gr\u00f6\u00dferen Zusammenhalt, einer besseren Kenntnis der drei Landessprachen und dem Austausch basiert.<\/p>\n<\/div><\/div>[\/vc_column][\/vc_row][vc_row css=&#187;.vc_custom_1569495316594{margin-top: 50px !important;}&#187;][vc_column width=&#187;1\/4&#8243;]<div id='cws_image_69de34eb61390' class='cws_image_module effect-no_hover'><div class=\"main_image\"><img decoding=\"async\" src=\"https:\/\/be2030.be\/de\/wp-content\/uploads\/sites\/8\/2020\/12\/charles-emmanuel-tilkin.jpg\" srcset=\"\" sizes=\"(max-width: 266px) 100vw, 266px\" alt=\"Charles-Emmanuel Tilkin\" class=\"main-image-main\" \/><\/div><\/div>[\/vc_column][vc_column width=&#187;3\/4&#8243; css=&#187;.vc_custom_1609277960115{padding-top: 10px !important;}&#187;]<div class='cws_textmodule_69de34eb61674 cws_textmodule subtitle_above add_divider divider_position_under'><div class='cws_textmodule_header'><div class='cws_textmodule_subtitle'>Veranstaltungen und externe Organisationen \/ Sekretariat<\/div><div class='cws_textmodule_title_wrapper'><h3 class='cws_textmodule_title'><span class='cws_textmodule_title_pattern'>Charles-Emmanuel Tilkin<\/span><\/h3><\/div><\/div><div class='cws_textmodule_divider'><div class='cws_textmodule_divider_icon'><div class='cws_textmodule_divider_icon_large'><\/div><\/div><\/div><div class='cws_textmodule_content_wrapper'><p>Charles-Emmanuel verbrachte die ersten Jahre seines Lebens im Gro\u00dfherzogtum Luxemburg: Er sammelte eine bereichernde Lebenserfahrung, vor allem lernte er Deutsch (und Luxemburgisch), aber auch das Bewusstsein, dass kulturelle und sprachliche Vielfalt ein Reichtum sind, der es erlaubt, den anderen, die Gesellschaft, die Geschichte sowie die Mechanismen, die politischen Konflikten zugrunde liegen, besser zu verstehen und zu begreifen.<\/p>\n<p>Nach Abschluss des Studiums der Rechtswissenschaften und ab 2019 begann er\u00a0seinen\u00a0aktiven Widerstand gegen Ideologien und Politiken, die entgegen dem gesunden Menschenverstand und unter Missachtung der tats\u00e4chlichen Interessen sowohl der niederl\u00e4ndischsprachigen als auch der franz\u00f6sisch- und deutschsprachigen B\u00fcrger, die die\u00a0Belgier noch weiter spalten wollen.<\/p>\n<p>Im Jahr 2020 beteiligt er sich an der Gr\u00fcndung von BE2030 &#8211; United for Belgium, angetrieben von dem Wunsch, Belgien zu einem modernen, vereinten und besser durchdachten Land zu machen, in die kulturellen\u00a0und sprachlichen Unterschiede als St\u00e4rken gesehen und nicht als Mittel zur Spaltung genutzt werden.<\/p>\n<\/div><\/div>[\/vc_column][\/vc_row][vc_row css=&#187;.vc_custom_1569495316594{margin-top: 50px !important;}&#187;][vc_column width=&#187;1\/4&#8243; css=&#187;.vc_custom_1611611018579{padding-left: 50px !important;}&#187;]<div id='cws_image_69de34eb617ee' class='cws_image_module effect-no_hover'><div class=\"main_image\"><img decoding=\"async\" src=\"https:\/\/be2030.be\/de\/wp-content\/uploads\/sites\/8\/2021\/01\/frederik-voets.jpg\" srcset=\"\" sizes=\"(max-width: 159px) 100vw, 159px\" alt=\"Frederik Voets\" class=\"main-image-main\" \/><\/div><\/div>[\/vc_column][vc_column width=&#187;3\/4&#8243; css=&#187;.vc_custom_1609277960115{padding-top: 10px !important;}&#187;]<div class='cws_textmodule_69de34eb61a6a cws_textmodule subtitle_above add_divider divider_position_under'><div class='cws_textmodule_header'><div class='cws_textmodule_subtitle'>\u00d6ffentlichkeitsarbeit \/ Schatzmeister<\/div><div class='cws_textmodule_title_wrapper'><h3 class='cws_textmodule_title'><span class='cws_textmodule_title_pattern'>Frederik Voets<\/span><\/h3><\/div><\/div><div class='cws_textmodule_divider'><div class='cws_textmodule_divider_icon'><div class='cws_textmodule_divider_icon_large'><\/div><\/div><\/div><div class='cws_textmodule_content_wrapper'><p>Frederik arbeitet seit 15 Jahren als Beamter f\u00fcr die Bundesregierung, was bedeutet, dass er t\u00e4glich mit Belgiern jenseits der Sprachgrenze zusammenarbeitet. Er hat ein gro\u00dfes Interesse an der belgischen Geschichte. Seit 2006 ist er politisch aktiv und bem\u00fcht sich, die politische Einheit des Landes zu st\u00e4rken und zu garantieren. Im Rahmen dieses Engagements entschied er sich, das Projekt BE2030 mitzugr\u00fcnden.<\/p>\n<\/div><\/div>[\/vc_column][\/vc_row][vc_row css=&#187;.vc_custom_1569495316594{margin-top: 50px !important;}&#187;][vc_column width=&#187;1\/4&#8243;][\/vc_column][vc_column width=&#187;3\/4&#8243; css=&#187;.vc_custom_1609277960115{padding-top: 10px !important;}&#187;]<div class='cws_textmodule_69de34eb61c27 cws_textmodule subtitle_above add_divider divider_position_under'><div class='cws_textmodule_header'><div class='cws_textmodule_title_wrapper'><h3 class='cws_textmodule_title'><span class='cws_textmodule_title_pattern'>Vincent Massaut<\/span><\/h3><\/div><\/div><div class='cws_textmodule_divider'><div class='cws_textmodule_divider_icon'><div class='cws_textmodule_divider_icon_large'><\/div><\/div><\/div><\/div>[\/vc_column][\/vc_row][vc_row][vc_column css=&#187;.vc_custom_1712403764195{margin-top: 50px !important;margin-bottom: 50px !important;}&#187;][vc_column_text]\n<h5>Wir suchen Freiwillige, die uns bei einfachen Aufgaben helfen.<\/h5>\n<h5>Jede Hilfe ist willkommen, denn es sind viele Initiativen im Entstehen!<\/h5>\n[\/vc_column_text][\/vc_column][\/vc_row]\n","protected":false},"excerpt":{"rendered":"<p>[vc_row content_placement=&#187;middle&#187; css=&#187;.vc_custom_1563775325489{border-bottom-width: 1px !important;padding-bottom: 50px !important;border-bottom-color: #d0d1d1 !important;border-bottom-style: solid !important;}&#187;][vc_column width=&#187;1\/3&#8243; custom_styles_mobile=&#187;.vc_custom_1609274914432{padding-bottom: 30px !important;}&#187;][vc_column_text] Wer wir sind ? [\/vc_column_text][\/vc_column][vc_column width=&#187;2\/3&#8243;][vc_column_text]Eine kurze Vorstellung der Personen, die sich f\u00fcr die Plattform BE2030 United for Belgium engagieren. Ein Vorsitzender mit einem Vorstand und st\u00e4ndigen Mitgliedern, deren Ziel es ist, der gro\u00dfen Mehrheit unserer Mitb\u00fcrger, die f\u00fcr ein wohlhabendes, solidarisches und geeintes Belgien sind, Sichtbarkeit zu verleihen.[\/vc_column_text][\/vc_column][\/vc_row][vc_row css=&#187;.vc_custom_1569495316594{margin-top: 50px !important;}&#187;][vc_column width=&#187;1\/4&#8243; css=&#187;.vc_custom_1611611006685{padding-left: 50px !important;}&#187;][\/vc_column][vc_column width=&#187;3\/4&#8243; css=&#187;.vc_custom_1609277960115{padding-top: 10px !important;}&#187;][\/vc_column][\/vc_row][vc_row css=&#187;.vc_custom_1569495316594{margin-top: 50px !important;}&#187;][vc_column width=&#187;1\/4&#8243;][\/vc_column][vc_column width=&#187;3\/4&#8243; css=&#187;.vc_custom_1609277960115{padding-top: 10px !important;}&#187;][\/vc_column][\/vc_row][vc_row css=&#187;.vc_custom_1569495316594{margin-top: 50px !important;}&#187;][vc_column width=&#187;1\/4&#8243;][\/vc_column][vc_column width=&#187;3\/4&#8243; css=&#187;.vc_custom_1609277960115{padding-top: 10px !important;}&#187;][\/vc_column][\/vc_row][vc_row css=&#187;.vc_custom_1569495316594{margin-top: 50px !important;}&#187;][vc_column width=&#187;1\/4&#8243; css=&#187;.vc_custom_1611611018579{padding-left: 50px !important;}&#187;][\/vc_column][vc_column width=&#187;3\/4&#8243; css=&#187;.vc_custom_1609277960115{padding-top: 10px !important;}&#187;][\/vc_column][\/vc_row][vc_row css=&#187;.vc_custom_1569495316594{margin-top: 50px !important;}&#187;][vc_column width=&#187;1\/4&#8243;][\/vc_column][vc_column width=&#187;3\/4&#8243; css=&#187;.vc_custom_1609277960115{padding-top: 10px !important;}&#187;][\/vc_column][\/vc_row][vc_row][vc_column css=&#187;.vc_custom_1712403764195{margin-top: 50px !important;margin-bottom: 50px !important;}&#187;][vc_column_text] Wir suchen Freiwillige, die uns bei einfachen Aufgaben helfen. Jede Hilfe ist willkommen, denn es sind viele Initiativen im Entstehen! [\/vc_column_text][\/vc_column][\/vc_row]<\/p>\n","protected":false},"author":1,"featured_media":0,"parent":0,"menu_order":0,"comment_status":"closed","ping_status":"closed","template":"","meta":{"footnotes":""},"class_list":["post-503","page","type-page","status-publish","hentry"],"yoast_head":"<!-- This site is optimized with the Yoast SEO plugin v27.2 - https:\/\/yoast.com\/product\/yoast-seo-wordpress\/ -->\n<title>Wer wir sind - BE2030 United for Belgium - DE<\/title>\n<meta name=\"robots\" content=\"index, follow, max-snippet:-1, max-image-preview:large, max-video-preview:-1\" \/>\n<link rel=\"canonical\" href=\"https:\/\/be2030.be\/de\/wer-wir-sind\/\" \/>\n<meta property=\"og:locale\" content=\"de_DE\" \/>\n<meta property=\"og:type\" content=\"article\" \/>\n<meta property=\"og:title\" content=\"Wer wir sind - BE2030 United for Belgium - DE\" \/>\n<meta property=\"og:description\" content=\"[vc_row content_placement=&#187;middle&#187; css=&#187;.vc_custom_1563775325489{border-bottom-width: 1px !important;padding-bottom: 50px !important;border-bottom-color: #d0d1d1 !important;border-bottom-style: solid !important;}&#187;][vc_column width=&#187;1\/3&#8243; custom_styles_mobile=&#187;.vc_custom_1609274914432{padding-bottom: 30px !important;}&#187;][vc_column_text] Wer wir sind ? [\/vc_column_text][\/vc_column][vc_column width=&#187;2\/3&#8243;][vc_column_text]Eine kurze Vorstellung der Personen, die sich f\u00fcr die Plattform BE2030 United for Belgium engagieren. Ein Vorsitzender mit einem Vorstand und st\u00e4ndigen Mitgliedern, deren Ziel es ist, der gro\u00dfen Mehrheit unserer Mitb\u00fcrger, die f\u00fcr ein wohlhabendes, solidarisches und geeintes Belgien sind, Sichtbarkeit zu verleihen.[\/vc_column_text][\/vc_column][\/vc_row][vc_row css=&#187;.vc_custom_1569495316594{margin-top: 50px !important;}&#187;][vc_column width=&#187;1\/4&#8243; css=&#187;.vc_custom_1611611006685{padding-left: 50px !important;}&#187;][\/vc_column][vc_column width=&#187;3\/4&#8243; css=&#187;.vc_custom_1609277960115{padding-top: 10px !important;}&#187;][\/vc_column][\/vc_row][vc_row css=&#187;.vc_custom_1569495316594{margin-top: 50px !important;}&#187;][vc_column width=&#187;1\/4&#8243;][\/vc_column][vc_column width=&#187;3\/4&#8243; css=&#187;.vc_custom_1609277960115{padding-top: 10px !important;}&#187;][\/vc_column][\/vc_row][vc_row css=&#187;.vc_custom_1569495316594{margin-top: 50px !important;}&#187;][vc_column width=&#187;1\/4&#8243;][\/vc_column][vc_column width=&#187;3\/4&#8243; css=&#187;.vc_custom_1609277960115{padding-top: 10px !important;}&#187;][\/vc_column][\/vc_row][vc_row css=&#187;.vc_custom_1569495316594{margin-top: 50px !important;}&#187;][vc_column width=&#187;1\/4&#8243; css=&#187;.vc_custom_1611611018579{padding-left: 50px !important;}&#187;][\/vc_column][vc_column width=&#187;3\/4&#8243; css=&#187;.vc_custom_1609277960115{padding-top: 10px !important;}&#187;][\/vc_column][\/vc_row][vc_row css=&#187;.vc_custom_1569495316594{margin-top: 50px !important;}&#187;][vc_column width=&#187;1\/4&#8243;][\/vc_column][vc_column width=&#187;3\/4&#8243; css=&#187;.vc_custom_1609277960115{padding-top: 10px !important;}&#187;][\/vc_column][\/vc_row][vc_row][vc_column css=&#187;.vc_custom_1712403764195{margin-top: 50px !important;margin-bottom: 50px !important;}&#187;][vc_column_text] Wir suchen Freiwillige, die uns bei einfachen Aufgaben helfen. Jede Hilfe ist willkommen, denn es sind viele Initiativen im Entstehen! [\/vc_column_text][\/vc_column][\/vc_row]\" \/>\n<meta property=\"og:url\" content=\"https:\/\/be2030.be\/de\/wer-wir-sind\/\" \/>\n<meta property=\"og:site_name\" content=\"BE2030 United for Belgium - DE\" \/>\n<meta property=\"article:publisher\" content=\"https:\/\/www.facebook.com\/2030UnitedForBelgium\" \/>\n<meta property=\"article:modified_time\" content=\"2024-04-06T11:42:46+00:00\" \/>\n<meta name=\"twitter:card\" content=\"summary_large_image\" \/>\n<meta name=\"twitter:site\" content=\"@UnitedforBelgi1\" \/>\n<meta name=\"twitter:label1\" content=\"Gesch\u00e4tzte Lesezeit\" \/>\n\t<meta name=\"twitter:data1\" content=\"4\u00a0Minuten\" \/>\n<script type=\"application\/ld+json\" class=\"yoast-schema-graph\">{\"@context\":\"https:\/\/schema.org\",\"@graph\":[{\"@type\":\"WebPage\",\"@id\":\"https:\/\/be2030.be\/de\/wer-wir-sind\/\",\"url\":\"https:\/\/be2030.be\/de\/wer-wir-sind\/\",\"name\":\"Wer wir sind - BE2030 United for Belgium - DE\",\"isPartOf\":{\"@id\":\"https:\/\/be2030.be\/de\/#website\"},\"datePublished\":\"2019-07-12T06:46:51+00:00\",\"dateModified\":\"2024-04-06T11:42:46+00:00\",\"breadcrumb\":{\"@id\":\"https:\/\/be2030.be\/de\/wer-wir-sind\/#breadcrumb\"},\"inLanguage\":\"de-CH\",\"potentialAction\":[{\"@type\":\"ReadAction\",\"target\":[\"https:\/\/be2030.be\/de\/wer-wir-sind\/\"]}]},{\"@type\":\"BreadcrumbList\",\"@id\":\"https:\/\/be2030.be\/de\/wer-wir-sind\/#breadcrumb\",\"itemListElement\":[{\"@type\":\"ListItem\",\"position\":1,\"name\":\"Home\",\"item\":\"https:\/\/be2030.be\/de\/\"},{\"@type\":\"ListItem\",\"position\":2,\"name\":\"Wer wir sind\"}]},{\"@type\":\"WebSite\",\"@id\":\"https:\/\/be2030.be\/de\/#website\",\"url\":\"https:\/\/be2030.be\/de\/\",\"name\":\"BE2030 United for Belgium - DE\",\"description\":\"\",\"publisher\":{\"@id\":\"https:\/\/be2030.be\/de\/#organization\"},\"potentialAction\":[{\"@type\":\"SearchAction\",\"target\":{\"@type\":\"EntryPoint\",\"urlTemplate\":\"https:\/\/be2030.be\/de\/?s={search_term_string}\"},\"query-input\":{\"@type\":\"PropertyValueSpecification\",\"valueRequired\":true,\"valueName\":\"search_term_string\"}}],\"inLanguage\":\"de-CH\"},{\"@type\":\"Organization\",\"@id\":\"https:\/\/be2030.be\/de\/#organization\",\"name\":\"BE2030 United for Belgium\",\"url\":\"https:\/\/be2030.be\/de\/\",\"logo\":{\"@type\":\"ImageObject\",\"inLanguage\":\"de-CH\",\"@id\":\"https:\/\/be2030.be\/de\/#\/schema\/logo\/image\/\",\"url\":\"https:\/\/be2030.be\/de\/wp-content\/uploads\/sites\/8\/2020\/12\/BE2030-BLACK-small.png\",\"contentUrl\":\"https:\/\/be2030.be\/de\/wp-content\/uploads\/sites\/8\/2020\/12\/BE2030-BLACK-small.png\",\"width\":400,\"height\":147,\"caption\":\"BE2030 United for Belgium\"},\"image\":{\"@id\":\"https:\/\/be2030.be\/de\/#\/schema\/logo\/image\/\"},\"sameAs\":[\"https:\/\/www.facebook.com\/2030UnitedForBelgium\",\"https:\/\/x.com\/UnitedforBelgi1\"]}]}<\/script>\n<!-- \/ Yoast SEO plugin. -->","yoast_head_json":{"title":"Wer wir sind - BE2030 United for Belgium - DE","robots":{"index":"index","follow":"follow","max-snippet":"max-snippet:-1","max-image-preview":"max-image-preview:large","max-video-preview":"max-video-preview:-1"},"canonical":"https:\/\/be2030.be\/de\/wer-wir-sind\/","og_locale":"de_DE","og_type":"article","og_title":"Wer wir sind - BE2030 United for Belgium - DE","og_description":"[vc_row content_placement=&#187;middle&#187; css=&#187;.vc_custom_1563775325489{border-bottom-width: 1px !important;padding-bottom: 50px !important;border-bottom-color: #d0d1d1 !important;border-bottom-style: solid !important;}&#187;][vc_column width=&#187;1\/3&#8243; custom_styles_mobile=&#187;.vc_custom_1609274914432{padding-bottom: 30px !important;}&#187;][vc_column_text] Wer wir sind ? [\/vc_column_text][\/vc_column][vc_column width=&#187;2\/3&#8243;][vc_column_text]Eine kurze Vorstellung der Personen, die sich f\u00fcr die Plattform BE2030 United for Belgium engagieren. Ein Vorsitzender mit einem Vorstand und st\u00e4ndigen Mitgliedern, deren Ziel es ist, der gro\u00dfen Mehrheit unserer Mitb\u00fcrger, die f\u00fcr ein wohlhabendes, solidarisches und geeintes Belgien sind, Sichtbarkeit zu verleihen.[\/vc_column_text][\/vc_column][\/vc_row][vc_row css=&#187;.vc_custom_1569495316594{margin-top: 50px !important;}&#187;][vc_column width=&#187;1\/4&#8243; css=&#187;.vc_custom_1611611006685{padding-left: 50px !important;}&#187;][\/vc_column][vc_column width=&#187;3\/4&#8243; css=&#187;.vc_custom_1609277960115{padding-top: 10px !important;}&#187;][\/vc_column][\/vc_row][vc_row css=&#187;.vc_custom_1569495316594{margin-top: 50px !important;}&#187;][vc_column width=&#187;1\/4&#8243;][\/vc_column][vc_column width=&#187;3\/4&#8243; css=&#187;.vc_custom_1609277960115{padding-top: 10px !important;}&#187;][\/vc_column][\/vc_row][vc_row css=&#187;.vc_custom_1569495316594{margin-top: 50px !important;}&#187;][vc_column width=&#187;1\/4&#8243;][\/vc_column][vc_column width=&#187;3\/4&#8243; css=&#187;.vc_custom_1609277960115{padding-top: 10px !important;}&#187;][\/vc_column][\/vc_row][vc_row css=&#187;.vc_custom_1569495316594{margin-top: 50px !important;}&#187;][vc_column width=&#187;1\/4&#8243; css=&#187;.vc_custom_1611611018579{padding-left: 50px !important;}&#187;][\/vc_column][vc_column width=&#187;3\/4&#8243; css=&#187;.vc_custom_1609277960115{padding-top: 10px !important;}&#187;][\/vc_column][\/vc_row][vc_row css=&#187;.vc_custom_1569495316594{margin-top: 50px !important;}&#187;][vc_column width=&#187;1\/4&#8243;][\/vc_column][vc_column width=&#187;3\/4&#8243; css=&#187;.vc_custom_1609277960115{padding-top: 10px !important;}&#187;][\/vc_column][\/vc_row][vc_row][vc_column css=&#187;.vc_custom_1712403764195{margin-top: 50px !important;margin-bottom: 50px !important;}&#187;][vc_column_text] Wir suchen Freiwillige, die uns bei einfachen Aufgaben helfen. Jede Hilfe ist willkommen, denn es sind viele Initiativen im Entstehen! [\/vc_column_text][\/vc_column][\/vc_row]","og_url":"https:\/\/be2030.be\/de\/wer-wir-sind\/","og_site_name":"BE2030 United for Belgium - DE","article_publisher":"https:\/\/www.facebook.com\/2030UnitedForBelgium","article_modified_time":"2024-04-06T11:42:46+00:00","twitter_card":"summary_large_image","twitter_site":"@UnitedforBelgi1","twitter_misc":{"Gesch\u00e4tzte Lesezeit":"4\u00a0Minuten"},"schema":{"@context":"https:\/\/schema.org","@graph":[{"@type":"WebPage","@id":"https:\/\/be2030.be\/de\/wer-wir-sind\/","url":"https:\/\/be2030.be\/de\/wer-wir-sind\/","name":"Wer wir sind - BE2030 United for Belgium - DE","isPartOf":{"@id":"https:\/\/be2030.be\/de\/#website"},"datePublished":"2019-07-12T06:46:51+00:00","dateModified":"2024-04-06T11:42:46+00:00","breadcrumb":{"@id":"https:\/\/be2030.be\/de\/wer-wir-sind\/#breadcrumb"},"inLanguage":"de-CH","potentialAction":[{"@type":"ReadAction","target":["https:\/\/be2030.be\/de\/wer-wir-sind\/"]}]},{"@type":"BreadcrumbList","@id":"https:\/\/be2030.be\/de\/wer-wir-sind\/#breadcrumb","itemListElement":[{"@type":"ListItem","position":1,"name":"Home","item":"https:\/\/be2030.be\/de\/"},{"@type":"ListItem","position":2,"name":"Wer wir sind"}]},{"@type":"WebSite","@id":"https:\/\/be2030.be\/de\/#website","url":"https:\/\/be2030.be\/de\/","name":"BE2030 United for Belgium - DE","description":"","publisher":{"@id":"https:\/\/be2030.be\/de\/#organization"},"potentialAction":[{"@type":"SearchAction","target":{"@type":"EntryPoint","urlTemplate":"https:\/\/be2030.be\/de\/?s={search_term_string}"},"query-input":{"@type":"PropertyValueSpecification","valueRequired":true,"valueName":"search_term_string"}}],"inLanguage":"de-CH"},{"@type":"Organization","@id":"https:\/\/be2030.be\/de\/#organization","name":"BE2030 United for Belgium","url":"https:\/\/be2030.be\/de\/","logo":{"@type":"ImageObject","inLanguage":"de-CH","@id":"https:\/\/be2030.be\/de\/#\/schema\/logo\/image\/","url":"https:\/\/be2030.be\/de\/wp-content\/uploads\/sites\/8\/2020\/12\/BE2030-BLACK-small.png","contentUrl":"https:\/\/be2030.be\/de\/wp-content\/uploads\/sites\/8\/2020\/12\/BE2030-BLACK-small.png","width":400,"height":147,"caption":"BE2030 United for Belgium"},"image":{"@id":"https:\/\/be2030.be\/de\/#\/schema\/logo\/image\/"},"sameAs":["https:\/\/www.facebook.com\/2030UnitedForBelgium","https:\/\/x.com\/UnitedforBelgi1"]}]}},"_links":{"self":[{"href":"https:\/\/be2030.be\/de\/wp-json\/wp\/v2\/pages\/503","targetHints":{"allow":["GET"]}}],"collection":[{"href":"https:\/\/be2030.be\/de\/wp-json\/wp\/v2\/pages"}],"about":[{"href":"https:\/\/be2030.be\/de\/wp-json\/wp\/v2\/types\/page"}],"author":[{"embeddable":true,"href":"https:\/\/be2030.be\/de\/wp-json\/wp\/v2\/users\/1"}],"replies":[{"embeddable":true,"href":"https:\/\/be2030.be\/de\/wp-json\/wp\/v2\/comments?post=503"}],"version-history":[{"count":2,"href":"https:\/\/be2030.be\/de\/wp-json\/wp\/v2\/pages\/503\/revisions"}],"predecessor-version":[{"id":3019,"href":"https:\/\/be2030.be\/de\/wp-json\/wp\/v2\/pages\/503\/revisions\/3019"}],"wp:attachment":[{"href":"https:\/\/be2030.be\/de\/wp-json\/wp\/v2\/media?parent=503"}],"curies":[{"name":"wp","href":"https:\/\/api.w.org\/{rel}","templated":true}]}}