{"id":2862,"date":"2021-01-30T13:40:49","date_gmt":"2021-01-30T12:40:49","guid":{"rendered":"http:\/\/be2030.be\/de\/?post_type=product&#038;p=2862"},"modified":"2021-12-11T23:35:53","modified_gmt":"2021-12-11T22:35:53","slug":"unternehmen-be2030-mitgliedschaft-fur-1-jahr","status":"publish","type":"product","link":"https:\/\/be2030.be\/de\/product\/unternehmen-be2030-mitgliedschaft-fur-1-jahr\/","title":{"rendered":"Spender \/ Unternehmen &#8211; BE2030 Mitgliedschaft f\u00fcr 1 Jahr"},"content":{"rendered":"","protected":false},"excerpt":{"rendered":"<div class=\"pricing_row_info\">\n<p>Kann an freiwilligen Aktivit\u00e4ten zugunsten von BE2030 teilnehmen<br \/>\nWird zu bestimmten Aktivit\u00e4ten eingeladen<br \/>\nErh\u00e4lt den Jahresbericht<br \/>\nErh\u00e4lt ein &#171;Willkommenspaket&#187;<br \/>\nErh\u00e4lt 3x\/Jahr eine Zusammenfassung unserer Aktivit\u00e4ten<br \/>\nKann dem Vorstand Vorschl\u00e4ge machen<br \/>\nErh\u00e4lt die Berichte des Verwaltungsrats<br \/>\nKann sich an der Arbeitsweise von BE2030 beteiligen: Kann einen Punkt auf die Tagesordnung setzen<br \/>\nKann an der Wahl des Vorsitzenden teilnehmen<br \/>\nKann sich f\u00fcr einen Sitz im Verwaltungsrat bewerben<br \/>\nKann sich aktiv an der Arbeitsweise und der Strategie von BE2030 beteiligen<\/p>\n<\/div>\n<div class=\"pricing_row_info\">Mitgliedschaft von 500 \u20ac\/Jahr<\/div>\n","protected":false},"featured_media":0,"template":"","meta":[],"product_brand":[],"product_cat":[66],"product_tag":[],"class_list":{"0":"post-2862","1":"product","2":"type-product","3":"status-publish","5":"product_cat-mitgliedschaft","7":"first","8":"instock","9":"virtual","10":"taxable","11":"purchasable","12":"product-type-simple"},"yoast_head":"<!-- This site is optimized with the Yoast SEO plugin v27.2 - https:\/\/yoast.com\/product\/yoast-seo-wordpress\/ -->\n<title>Spender \/ Unternehmen - BE2030 Mitgliedschaft f\u00fcr 1 Jahr - BE2030 United for Belgium - DE<\/title>\n<meta name=\"robots\" content=\"index, follow, max-snippet:-1, max-image-preview:large, max-video-preview:-1\" \/>\n<link rel=\"canonical\" href=\"https:\/\/be2030.be\/de\/product\/unternehmen-be2030-mitgliedschaft-fur-1-jahr\/\" \/>\n<meta property=\"og:locale\" content=\"de_DE\" \/>\n<meta property=\"og:type\" content=\"article\" \/>\n<meta property=\"og:title\" content=\"Spender \/ Unternehmen - BE2030 Mitgliedschaft f\u00fcr 1 Jahr - BE2030 United for Belgium - DE\" \/>\n<meta property=\"og:description\" content=\"Kann an freiwilligen Aktivit\u00e4ten zugunsten von BE2030 teilnehmen Wird zu bestimmten Aktivit\u00e4ten eingeladen Erh\u00e4lt den Jahresbericht Erh\u00e4lt ein &quot;Willkommenspaket&quot; Erh\u00e4lt 3x\/Jahr eine Zusammenfassung unserer Aktivit\u00e4ten Kann dem Vorstand Vorschl\u00e4ge machen Erh\u00e4lt die Berichte des Verwaltungsrats Kann sich an der Arbeitsweise von BE2030 beteiligen: Kann einen Punkt auf die Tagesordnung setzen Kann an der Wahl des Vorsitzenden teilnehmen Kann sich f\u00fcr einen Sitz im Verwaltungsrat bewerben Kann sich aktiv an der Arbeitsweise und der Strategie von BE2030 beteiligen   Mitgliedschaft von 500 \u20ac\/Jahr\" \/>\n<meta property=\"og:url\" content=\"https:\/\/be2030.be\/de\/product\/unternehmen-be2030-mitgliedschaft-fur-1-jahr\/\" \/>\n<meta property=\"og:site_name\" content=\"BE2030 United for Belgium - DE\" \/>\n<meta property=\"article:publisher\" content=\"https:\/\/www.facebook.com\/2030UnitedForBelgium\" \/>\n<meta property=\"article:modified_time\" content=\"2021-12-11T22:35:53+00:00\" \/>\n<meta name=\"twitter:card\" content=\"summary_large_image\" \/>\n<meta name=\"twitter:site\" content=\"@UnitedforBelgi1\" \/>\n<script type=\"application\/ld+json\" class=\"yoast-schema-graph\">{\"@context\":\"https:\/\/schema.org\",\"@graph\":[{\"@type\":\"WebPage\",\"@id\":\"https:\/\/be2030.be\/de\/product\/unternehmen-be2030-mitgliedschaft-fur-1-jahr\/\",\"url\":\"https:\/\/be2030.be\/de\/product\/unternehmen-be2030-mitgliedschaft-fur-1-jahr\/\",\"name\":\"Spender \/ Unternehmen - BE2030 Mitgliedschaft f\u00fcr 1 Jahr - BE2030 United for Belgium - DE\",\"isPartOf\":{\"@id\":\"https:\/\/be2030.be\/de\/#website\"},\"datePublished\":\"2021-01-30T12:40:49+00:00\",\"dateModified\":\"2021-12-11T22:35:53+00:00\",\"breadcrumb\":{\"@id\":\"https:\/\/be2030.be\/de\/product\/unternehmen-be2030-mitgliedschaft-fur-1-jahr\/#breadcrumb\"},\"inLanguage\":\"de-CH\",\"potentialAction\":[{\"@type\":\"ReadAction\",\"target\":[\"https:\/\/be2030.be\/de\/product\/unternehmen-be2030-mitgliedschaft-fur-1-jahr\/\"]}]},{\"@type\":\"BreadcrumbList\",\"@id\":\"https:\/\/be2030.be\/de\/product\/unternehmen-be2030-mitgliedschaft-fur-1-jahr\/#breadcrumb\",\"itemListElement\":[{\"@type\":\"ListItem\",\"position\":1,\"name\":\"Home\",\"item\":\"https:\/\/be2030.be\/de\/\"},{\"@type\":\"ListItem\",\"position\":2,\"name\":\"Shop\",\"item\":\"https:\/\/be2030.be\/de\/shop-2\/\"},{\"@type\":\"ListItem\",\"position\":3,\"name\":\"Spender \/ Unternehmen &#8211; BE2030 Mitgliedschaft f\u00fcr 1 Jahr\"}]},{\"@type\":\"WebSite\",\"@id\":\"https:\/\/be2030.be\/de\/#website\",\"url\":\"https:\/\/be2030.be\/de\/\",\"name\":\"BE2030 United for Belgium - DE\",\"description\":\"\",\"publisher\":{\"@id\":\"https:\/\/be2030.be\/de\/#organization\"},\"potentialAction\":[{\"@type\":\"SearchAction\",\"target\":{\"@type\":\"EntryPoint\",\"urlTemplate\":\"https:\/\/be2030.be\/de\/?s={search_term_string}\"},\"query-input\":{\"@type\":\"PropertyValueSpecification\",\"valueRequired\":true,\"valueName\":\"search_term_string\"}}],\"inLanguage\":\"de-CH\"},{\"@type\":\"Organization\",\"@id\":\"https:\/\/be2030.be\/de\/#organization\",\"name\":\"BE2030 United for Belgium\",\"url\":\"https:\/\/be2030.be\/de\/\",\"logo\":{\"@type\":\"ImageObject\",\"inLanguage\":\"de-CH\",\"@id\":\"https:\/\/be2030.be\/de\/#\/schema\/logo\/image\/\",\"url\":\"https:\/\/be2030.be\/de\/wp-content\/uploads\/sites\/8\/2020\/12\/BE2030-BLACK-small.png\",\"contentUrl\":\"https:\/\/be2030.be\/de\/wp-content\/uploads\/sites\/8\/2020\/12\/BE2030-BLACK-small.png\",\"width\":400,\"height\":147,\"caption\":\"BE2030 United for Belgium\"},\"image\":{\"@id\":\"https:\/\/be2030.be\/de\/#\/schema\/logo\/image\/\"},\"sameAs\":[\"https:\/\/www.facebook.com\/2030UnitedForBelgium\",\"https:\/\/x.com\/UnitedforBelgi1\"]}]}<\/script>\n<!-- \/ Yoast SEO plugin. -->","yoast_head_json":{"title":"Spender \/ Unternehmen - BE2030 Mitgliedschaft f\u00fcr 1 Jahr - BE2030 United for Belgium - DE","robots":{"index":"index","follow":"follow","max-snippet":"max-snippet:-1","max-image-preview":"max-image-preview:large","max-video-preview":"max-video-preview:-1"},"canonical":"https:\/\/be2030.be\/de\/product\/unternehmen-be2030-mitgliedschaft-fur-1-jahr\/","og_locale":"de_DE","og_type":"article","og_title":"Spender \/ Unternehmen - BE2030 Mitgliedschaft f\u00fcr 1 Jahr - BE2030 United for Belgium - DE","og_description":"Kann an freiwilligen Aktivit\u00e4ten zugunsten von BE2030 teilnehmen Wird zu bestimmten Aktivit\u00e4ten eingeladen Erh\u00e4lt den Jahresbericht Erh\u00e4lt ein \"Willkommenspaket\" Erh\u00e4lt 3x\/Jahr eine Zusammenfassung unserer Aktivit\u00e4ten Kann dem Vorstand Vorschl\u00e4ge machen Erh\u00e4lt die Berichte des Verwaltungsrats Kann sich an der Arbeitsweise von BE2030 beteiligen: Kann einen Punkt auf die Tagesordnung setzen Kann an der Wahl des Vorsitzenden teilnehmen Kann sich f\u00fcr einen Sitz im Verwaltungsrat bewerben Kann sich aktiv an der Arbeitsweise und der Strategie von BE2030 beteiligen   Mitgliedschaft von 500 \u20ac\/Jahr","og_url":"https:\/\/be2030.be\/de\/product\/unternehmen-be2030-mitgliedschaft-fur-1-jahr\/","og_site_name":"BE2030 United for Belgium - DE","article_publisher":"https:\/\/www.facebook.com\/2030UnitedForBelgium","article_modified_time":"2021-12-11T22:35:53+00:00","twitter_card":"summary_large_image","twitter_site":"@UnitedforBelgi1","schema":{"@context":"https:\/\/schema.org","@graph":[{"@type":"WebPage","@id":"https:\/\/be2030.be\/de\/product\/unternehmen-be2030-mitgliedschaft-fur-1-jahr\/","url":"https:\/\/be2030.be\/de\/product\/unternehmen-be2030-mitgliedschaft-fur-1-jahr\/","name":"Spender \/ Unternehmen - BE2030 Mitgliedschaft f\u00fcr 1 Jahr - BE2030 United for Belgium - DE","isPartOf":{"@id":"https:\/\/be2030.be\/de\/#website"},"datePublished":"2021-01-30T12:40:49+00:00","dateModified":"2021-12-11T22:35:53+00:00","breadcrumb":{"@id":"https:\/\/be2030.be\/de\/product\/unternehmen-be2030-mitgliedschaft-fur-1-jahr\/#breadcrumb"},"inLanguage":"de-CH","potentialAction":[{"@type":"ReadAction","target":["https:\/\/be2030.be\/de\/product\/unternehmen-be2030-mitgliedschaft-fur-1-jahr\/"]}]},{"@type":"BreadcrumbList","@id":"https:\/\/be2030.be\/de\/product\/unternehmen-be2030-mitgliedschaft-fur-1-jahr\/#breadcrumb","itemListElement":[{"@type":"ListItem","position":1,"name":"Home","item":"https:\/\/be2030.be\/de\/"},{"@type":"ListItem","position":2,"name":"Shop","item":"https:\/\/be2030.be\/de\/shop-2\/"},{"@type":"ListItem","position":3,"name":"Spender \/ Unternehmen &#8211; BE2030 Mitgliedschaft f\u00fcr 1 Jahr"}]},{"@type":"WebSite","@id":"https:\/\/be2030.be\/de\/#website","url":"https:\/\/be2030.be\/de\/","name":"BE2030 United for Belgium - DE","description":"","publisher":{"@id":"https:\/\/be2030.be\/de\/#organization"},"potentialAction":[{"@type":"SearchAction","target":{"@type":"EntryPoint","urlTemplate":"https:\/\/be2030.be\/de\/?s={search_term_string}"},"query-input":{"@type":"PropertyValueSpecification","valueRequired":true,"valueName":"search_term_string"}}],"inLanguage":"de-CH"},{"@type":"Organization","@id":"https:\/\/be2030.be\/de\/#organization","name":"BE2030 United for Belgium","url":"https:\/\/be2030.be\/de\/","logo":{"@type":"ImageObject","inLanguage":"de-CH","@id":"https:\/\/be2030.be\/de\/#\/schema\/logo\/image\/","url":"https:\/\/be2030.be\/de\/wp-content\/uploads\/sites\/8\/2020\/12\/BE2030-BLACK-small.png","contentUrl":"https:\/\/be2030.be\/de\/wp-content\/uploads\/sites\/8\/2020\/12\/BE2030-BLACK-small.png","width":400,"height":147,"caption":"BE2030 United for Belgium"},"image":{"@id":"https:\/\/be2030.be\/de\/#\/schema\/logo\/image\/"},"sameAs":["https:\/\/www.facebook.com\/2030UnitedForBelgium","https:\/\/x.com\/UnitedforBelgi1"]}]}},"_links":{"self":[{"href":"https:\/\/be2030.be\/de\/wp-json\/wp\/v2\/product\/2862","targetHints":{"allow":["GET"]}}],"collection":[{"href":"https:\/\/be2030.be\/de\/wp-json\/wp\/v2\/product"}],"about":[{"href":"https:\/\/be2030.be\/de\/wp-json\/wp\/v2\/types\/product"}],"wp:attachment":[{"href":"https:\/\/be2030.be\/de\/wp-json\/wp\/v2\/media?parent=2862"}],"wp:term":[{"taxonomy":"product_brand","embeddable":true,"href":"https:\/\/be2030.be\/de\/wp-json\/wp\/v2\/product_brand?post=2862"},{"taxonomy":"product_cat","embeddable":true,"href":"https:\/\/be2030.be\/de\/wp-json\/wp\/v2\/product_cat?post=2862"},{"taxonomy":"product_tag","embeddable":true,"href":"https:\/\/be2030.be\/de\/wp-json\/wp\/v2\/product_tag?post=2862"}],"curies":[{"name":"wp","href":"https:\/\/api.w.org\/{rel}","templated":true}]}}