{"id":503,"date":"2019-07-12T07:46:51","date_gmt":"2019-07-12T06:46:51","guid":{"rendered":"http:\/\/be2030.be\/fr\/index.php\/our-services\/"},"modified":"2024-04-06T12:41:26","modified_gmt":"2024-04-06T11:41:26","slug":"qui-sommes-nous","status":"publish","type":"page","link":"https:\/\/be2030.be\/fr\/qui-sommes-nous\/","title":{"rendered":"Qui sommes-nous"},"content":{"rendered":"[vc_row content_placement=\u00a0\u00bbmiddle\u00a0\u00bb css=\u00a0\u00bb.vc_custom_1563775325489{border-bottom-width: 1px !important;padding-bottom: 50px !important;border-bottom-color: #d0d1d1 !important;border-bottom-style: solid !important;}\u00a0\u00bb][vc_column width=\u00a0\u00bb1\/3&Prime; custom_styles_mobile=\u00a0\u00bb.vc_custom_1609274914432{padding-bottom: 30px !important;}\u00a0\u00bb][vc_column_text]\n<h3 style=\"text-align: center;\">Qui sommes nous ?<\/h3>\n[\/vc_column_text][\/vc_column][vc_column width=\u00a0\u00bb2\/3&Prime;][vc_column_text]Une br\u00e8ve pr\u00e9sentation des personnes qui s&rsquo;engagent pleinement dans la plate-forme BE2030 United for Belgium.<\/p>\n<p>Un pr\u00e9sident avec un conseil d&rsquo;administration et des membres permanents dont le but est de donner de la visibilit\u00e9 \u00e0 la grande majorit\u00e9 de nos concitoyens qui sont en faveur d&rsquo;une Belgique prosp\u00e8re, solidaire et unie.[\/vc_column_text][\/vc_column][\/vc_row][vc_row css=\u00a0\u00bb.vc_custom_1569495316594{margin-top: 50px !important;}\u00a0\u00bb][vc_column width=\u00a0\u00bb1\/4&Prime; css=\u00a0\u00bb.vc_custom_1611611006685{padding-left: 50px !important;}\u00a0\u00bb]<div id='cws_image_69e2b04c216d6' class='cws_image_module effect-no_hover'><div class=\"main_image\"><img decoding=\"async\" src=\"https:\/\/be2030.be\/fr\/wp-content\/uploads\/sites\/7\/2020\/12\/paul-bosmans.jpg\" srcset=\"\" sizes=\"(max-width: 162px) 100vw, 162px\" alt=\"Paul Bosmans\" class=\"main-image-main\" \/><\/div><\/div>[\/vc_column][vc_column width=\u00a0\u00bb3\/4&Prime; css=\u00a0\u00bb.vc_custom_1609277960115{padding-top: 10px !important;}\u00a0\u00bb]<div class='cws_textmodule_69e2b04c21a97 cws_textmodule subtitle_above add_divider divider_position_under'><div class='cws_textmodule_header'><div class='cws_textmodule_subtitle'>Communication et collecte de fonds \/ Pr\u00e9sident<\/div><div class='cws_textmodule_title_wrapper'><h3 class='cws_textmodule_title'><span class='cws_textmodule_title_pattern'>Paul Bosmans<\/span><\/h3><\/div><\/div><div class='cws_textmodule_divider'><div class='cws_textmodule_divider_icon'><div class='cws_textmodule_divider_icon_large'><\/div><\/div><\/div><div class='cws_textmodule_content_wrapper'><p>Apr\u00e8s 20 ans d&rsquo;entrepreneuriat, Paul Bosmans a cr\u00e9\u00e9 la Fondation Pulse, une initiative philanthropique pour les familles d&rsquo;entrepreneurs de toute la Belgique, afin de perp\u00e9tuer la prosp\u00e9rit\u00e9 de la Belgique en soutenant l&rsquo;esprit d&rsquo;entreprise.<\/p>\n<p>En 2020, il a particip\u00e9 \u00e0 la cr\u00e9ation de BE2030 United for Belgium, afin de contrecarrer les divisions et la gouvernance frivole du pays qui compromettent notre prosp\u00e9rit\u00e9.<\/p>\n<\/div><\/div>[\/vc_column][\/vc_row][vc_row css=\u00a0\u00bb.vc_custom_1569495316594{margin-top: 50px !important;}\u00a0\u00bb][vc_column width=\u00a0\u00bb1\/4&Prime;]<div id='cws_image_69e2b04c21ccf' class='cws_image_module effect-no_hover'><div class=\"main_image\"><img decoding=\"async\" src=\"https:\/\/be2030.be\/fr\/wp-content\/uploads\/sites\/7\/2020\/12\/denis-bouwen.png\" srcset=\"\" sizes=\"(max-width: 276px) 100vw, 276px\" alt=\"Denis Bouwen\" class=\"main-image-main\" \/><\/div><\/div>[\/vc_column][vc_column width=\u00a0\u00bb3\/4&Prime; css=\u00a0\u00bb.vc_custom_1609277960115{padding-top: 10px !important;}\u00a0\u00bb]<div class='cws_textmodule_69e2b04c21fa3 cws_textmodule subtitle_above add_divider divider_position_under'><div class='cws_textmodule_header'><div class='cws_textmodule_subtitle'>Membre du conseil d&#039;administration<\/div><div class='cws_textmodule_title_wrapper'><h3 class='cws_textmodule_title'><span class='cws_textmodule_title_pattern'>Denis Bouwen<\/span><\/h3><\/div><\/div><div class='cws_textmodule_divider'><div class='cws_textmodule_divider_icon'><div class='cws_textmodule_divider_icon_large'><\/div><\/div><\/div><div class='cws_textmodule_content_wrapper'><p>Denis a d\u00e9j\u00e0 beaucoup fait dans le domaine du journalisme et de la communication au cours de sa carri\u00e8re. Il est fortement engag\u00e9 socialement, est impliqu\u00e9 dans diverses associations et a un c\u0153ur pour le mouvement ouvrier, la RD Congo \/ Afrique, les r\u00e9fugi\u00e9s, les sans-papiers et autres personnes dans le besoin.<\/p>\n<p>Denis est \u00e9galement engag\u00e9 pour l&rsquo;avenir de la Belgique, et croit en un mod\u00e8le moderne qui repose sur une plus grande coh\u00e9sion, une meilleure connaissance des trois langues nationales et des \u00e9changes.<\/p>\n<\/div><\/div>[\/vc_column][\/vc_row][vc_row css=\u00a0\u00bb.vc_custom_1569495316594{margin-top: 50px !important;}\u00a0\u00bb][vc_column width=\u00a0\u00bb1\/4&Prime;]<div id='cws_image_69e2b04c220d4' class='cws_image_module effect-no_hover'><div class=\"main_image\"><img decoding=\"async\" src=\"https:\/\/be2030.be\/fr\/wp-content\/uploads\/sites\/7\/2020\/12\/charles-emmanuel-tilkin.jpg\" srcset=\"\" sizes=\"(max-width: 266px) 100vw, 266px\" alt=\"Charles-Emmanuel Tilkin\" class=\"main-image-main\" \/><\/div><\/div>[\/vc_column][vc_column width=\u00a0\u00bb3\/4&Prime; css=\u00a0\u00bb.vc_custom_1609277960115{padding-top: 10px !important;}\u00a0\u00bb]<div class='cws_textmodule_69e2b04c223c3 cws_textmodule subtitle_above add_divider divider_position_under'><div class='cws_textmodule_header'><div class='cws_textmodule_subtitle'>Ev\u00e9nements et organisations externes \/ Secr\u00e9taire<\/div><div class='cws_textmodule_title_wrapper'><h3 class='cws_textmodule_title'><span class='cws_textmodule_title_pattern'>Charles-Emmanuel Tilkin<\/span><\/h3><\/div><\/div><div class='cws_textmodule_divider'><div class='cws_textmodule_divider_icon'><div class='cws_textmodule_divider_icon_large'><\/div><\/div><\/div><div class='cws_textmodule_content_wrapper'><div>Charles-Emmanuel passe les premi\u00e8res ann\u00e9es de sa vie au Grand-Duch\u00e9 de Luxembourg : il en retira une exp\u00e9rience de vie enrichissante, d&rsquo;abord l&rsquo;apprentissage de l&rsquo;allemand (et du luxembourgeois) mais \u00e9galement la conscience que diversit\u00e9s culturelles et linguistiques sont une richesse qui permettent de mieux comprendre et appr\u00e9hender l&rsquo;autre, la soci\u00e9t\u00e9, l&rsquo;histoire ainsi que les m\u00e9canismes \u00e0 l&rsquo;origine des conflits politiques.<\/div>\n<div><\/div>\n<div>Juriste de formation, apr\u00e8s quelques ann\u00e9es dans le priv\u00e9 et \u00e0 partir de 2019, il s&rsquo;engage activement dans un combat contre des id\u00e9ologies et politiques qui cherchent\u00a0\u00e0 diviser encore un peu plus les Belges en d\u00e9pit du bon sens et au m\u00e9pris des int\u00e9r\u00eats\u00a0r\u00e9els tant des citoyens n\u00e9erlandophones que francophones et germanophones.<\/div>\n<div><\/div>\n<div>Il participe en 2020 \u00e0 la fondation de BE2030 &#8211; United for Belgium, mu par le d\u00e9sir de faire de la Belgique un pays moderne, uni et mieux pens\u00e9 o\u00f9 diversit\u00e9s culturelles et linguistiques sont per\u00e7ues comme des forces et non utilis\u00e9es comme des moyens de division.<\/div>\n<\/div><\/div>[\/vc_column][\/vc_row][vc_row css=\u00a0\u00bb.vc_custom_1569495316594{margin-top: 50px !important;}\u00a0\u00bb][vc_column width=\u00a0\u00bb1\/4&Prime; css=\u00a0\u00bb.vc_custom_1611611018579{padding-left: 50px !important;}\u00a0\u00bb]<div id='cws_image_69e2b04c2251b' class='cws_image_module effect-no_hover'><div class=\"main_image\"><img decoding=\"async\" src=\"https:\/\/be2030.be\/fr\/wp-content\/uploads\/sites\/7\/2021\/01\/frederik-voets.jpg\" srcset=\"\" sizes=\"(max-width: 159px) 100vw, 159px\" alt=\"Frederik Voets\" class=\"main-image-main\" \/><\/div><\/div>[\/vc_column][vc_column width=\u00a0\u00bb3\/4&Prime; css=\u00a0\u00bb.vc_custom_1609277960115{padding-top: 10px !important;}\u00a0\u00bb]<div class='cws_textmodule_69e2b04c227e4 cws_textmodule subtitle_above add_divider divider_position_under'><div class='cws_textmodule_header'><div class='cws_textmodule_subtitle'>Relations publiques \/ Tr\u00e9sorier<\/div><div class='cws_textmodule_title_wrapper'><h3 class='cws_textmodule_title'><span class='cws_textmodule_title_pattern'>Frederik Voets<\/span><\/h3><\/div><\/div><div class='cws_textmodule_divider'><div class='cws_textmodule_divider_icon'><div class='cws_textmodule_divider_icon_large'><\/div><\/div><\/div><div class='cws_textmodule_content_wrapper'><p>Frederik travaille comme fonctionnaire du gouvernement f\u00e9d\u00e9ral depuis 15 ans, ce qui signifie qu&rsquo;il travaille quotidiennement avec les Belges au-del\u00e0 de la fronti\u00e8re linguistique. Il s&rsquo;int\u00e9resse beaucoup \u00e0 l&rsquo;histoire belge.<br \/>\nDepuis 2006, il est politiquement actif, s&rsquo;effor\u00e7ant de renforcer et de garantir l&rsquo;unit\u00e9 politique du pays. Dans le cadre de cet engagement, il a d\u00e9cid\u00e9 de co-fonder le projet BE2030.<\/p>\n<\/div><\/div>[\/vc_column][\/vc_row][vc_row css=\u00a0\u00bb.vc_custom_1569495316594{margin-top: 50px !important;}\u00a0\u00bb][vc_column width=\u00a0\u00bb1\/4&Prime;][\/vc_column][vc_column width=\u00a0\u00bb3\/4&Prime; css=\u00a0\u00bb.vc_custom_1609277960115{padding-top: 10px !important;}\u00a0\u00bb]<div class='cws_textmodule_69e2b04c2297f cws_textmodule subtitle_above add_divider divider_position_under'><div class='cws_textmodule_header'><div class='cws_textmodule_subtitle'>Membre du conseil d&#039;administration<\/div><div class='cws_textmodule_title_wrapper'><h3 class='cws_textmodule_title'><span class='cws_textmodule_title_pattern'>Vincent Massaut<\/span><\/h3><\/div><\/div><div class='cws_textmodule_divider'><div class='cws_textmodule_divider_icon'><div class='cws_textmodule_divider_icon_large'><\/div><\/div><\/div><\/div>[\/vc_column][\/vc_row][vc_row][vc_column css=\u00a0\u00bb.vc_custom_1712403685236{margin-top: 50px !important;margin-bottom: 50px !important;}\u00a0\u00bb][vc_column_text]\n<h5>We zijn op zoek naar vrijwilligers die ons willen helpen met simpele taken uit te voeren.<\/h5>\n<h5>Alle hulp is welkom, er zijn vele initiatieven die worden opgezet !<\/h5>\n[\/vc_column_text][\/vc_column][\/vc_row]\n","protected":false},"excerpt":{"rendered":"<p>[vc_row content_placement=\u00a0\u00bbmiddle\u00a0\u00bb css=\u00a0\u00bb.vc_custom_1563775325489{border-bottom-width: 1px !important;padding-bottom: 50px !important;border-bottom-color: #d0d1d1 !important;border-bottom-style: solid !important;}\u00a0\u00bb][vc_column width=\u00a0\u00bb1\/3&Prime; custom_styles_mobile=\u00a0\u00bb.vc_custom_1609274914432{padding-bottom: 30px !important;}\u00a0\u00bb][vc_column_text] Qui sommes nous ? [\/vc_column_text][\/vc_column][vc_column width=\u00a0\u00bb2\/3&Prime;][vc_column_text]Une br\u00e8ve pr\u00e9sentation des personnes qui s&rsquo;engagent pleinement dans la plate-forme BE2030 United for Belgium. Un pr\u00e9sident avec un conseil d&rsquo;administration et des membres permanents dont le but est de donner de la visibilit\u00e9 \u00e0 la grande majorit\u00e9 de nos concitoyens qui sont en faveur d&rsquo;une Belgique prosp\u00e8re, solidaire et unie.[\/vc_column_text][\/vc_column][\/vc_row][vc_row css=\u00a0\u00bb.vc_custom_1569495316594{margin-top: 50px !important;}\u00a0\u00bb][vc_column width=\u00a0\u00bb1\/4&Prime; css=\u00a0\u00bb.vc_custom_1611611006685{padding-left: 50px !important;}\u00a0\u00bb][\/vc_column][vc_column width=\u00a0\u00bb3\/4&Prime; css=\u00a0\u00bb.vc_custom_1609277960115{padding-top: 10px !important;}\u00a0\u00bb][\/vc_column][\/vc_row][vc_row css=\u00a0\u00bb.vc_custom_1569495316594{margin-top: 50px !important;}\u00a0\u00bb][vc_column width=\u00a0\u00bb1\/4&Prime;][\/vc_column][vc_column width=\u00a0\u00bb3\/4&Prime; css=\u00a0\u00bb.vc_custom_1609277960115{padding-top: 10px !important;}\u00a0\u00bb][\/vc_column][\/vc_row][vc_row css=\u00a0\u00bb.vc_custom_1569495316594{margin-top: 50px !important;}\u00a0\u00bb][vc_column width=\u00a0\u00bb1\/4&Prime;][\/vc_column][vc_column width=\u00a0\u00bb3\/4&Prime; css=\u00a0\u00bb.vc_custom_1609277960115{padding-top: 10px !important;}\u00a0\u00bb][\/vc_column][\/vc_row][vc_row css=\u00a0\u00bb.vc_custom_1569495316594{margin-top: 50px !important;}\u00a0\u00bb][vc_column width=\u00a0\u00bb1\/4&Prime; css=\u00a0\u00bb.vc_custom_1611611018579{padding-left: 50px !important;}\u00a0\u00bb][\/vc_column][vc_column width=\u00a0\u00bb3\/4&Prime; css=\u00a0\u00bb.vc_custom_1609277960115{padding-top: 10px !important;}\u00a0\u00bb][\/vc_column][\/vc_row][vc_row css=\u00a0\u00bb.vc_custom_1569495316594{margin-top: 50px !important;}\u00a0\u00bb][vc_column width=\u00a0\u00bb1\/4&Prime;][\/vc_column][vc_column width=\u00a0\u00bb3\/4&Prime; css=\u00a0\u00bb.vc_custom_1609277960115{padding-top: 10px !important;}\u00a0\u00bb][\/vc_column][\/vc_row][vc_row][vc_column css=\u00a0\u00bb.vc_custom_1712403685236{margin-top: 50px !important;margin-bottom: 50px !important;}\u00a0\u00bb][vc_column_text] We zijn op zoek naar vrijwilligers die ons willen helpen met simpele taken uit te voeren. Alle hulp is welkom, er zijn vele initiatieven die worden opgezet ! [\/vc_column_text][\/vc_column][\/vc_row]<\/p>\n","protected":false},"author":1,"featured_media":0,"parent":0,"menu_order":0,"comment_status":"closed","ping_status":"closed","template":"","meta":{"footnotes":""},"class_list":["post-503","page","type-page","status-publish","hentry"],"yoast_head":"<!-- This site is optimized with the Yoast SEO plugin v27.2 - https:\/\/yoast.com\/product\/yoast-seo-wordpress\/ -->\n<title>Qui sommes-nous - BE2030 United for Belgium - FR<\/title>\n<meta name=\"robots\" content=\"index, follow, max-snippet:-1, max-image-preview:large, max-video-preview:-1\" \/>\n<link rel=\"canonical\" href=\"https:\/\/be2030.be\/fr\/qui-sommes-nous\/\" \/>\n<meta property=\"og:locale\" content=\"fr_FR\" \/>\n<meta property=\"og:type\" content=\"article\" \/>\n<meta property=\"og:title\" content=\"Qui sommes-nous - BE2030 United for Belgium - FR\" \/>\n<meta property=\"og:description\" content=\"[vc_row content_placement=\u00a0\u00bbmiddle\u00a0\u00bb css=\u00a0\u00bb.vc_custom_1563775325489{border-bottom-width: 1px !important;padding-bottom: 50px !important;border-bottom-color: #d0d1d1 !important;border-bottom-style: solid !important;}\u00a0\u00bb][vc_column width=\u00a0\u00bb1\/3&Prime; custom_styles_mobile=\u00a0\u00bb.vc_custom_1609274914432{padding-bottom: 30px !important;}\u00a0\u00bb][vc_column_text] Qui sommes nous ? [\/vc_column_text][\/vc_column][vc_column width=\u00a0\u00bb2\/3&Prime;][vc_column_text]Une br\u00e8ve pr\u00e9sentation des personnes qui s&rsquo;engagent pleinement dans la plate-forme BE2030 United for Belgium. Un pr\u00e9sident avec un conseil d&rsquo;administration et des membres permanents dont le but est de donner de la visibilit\u00e9 \u00e0 la grande majorit\u00e9 de nos concitoyens qui sont en faveur d&rsquo;une Belgique prosp\u00e8re, solidaire et unie.[\/vc_column_text][\/vc_column][\/vc_row][vc_row css=\u00a0\u00bb.vc_custom_1569495316594{margin-top: 50px !important;}\u00a0\u00bb][vc_column width=\u00a0\u00bb1\/4&Prime; css=\u00a0\u00bb.vc_custom_1611611006685{padding-left: 50px !important;}\u00a0\u00bb][\/vc_column][vc_column width=\u00a0\u00bb3\/4&Prime; css=\u00a0\u00bb.vc_custom_1609277960115{padding-top: 10px !important;}\u00a0\u00bb][\/vc_column][\/vc_row][vc_row css=\u00a0\u00bb.vc_custom_1569495316594{margin-top: 50px !important;}\u00a0\u00bb][vc_column width=\u00a0\u00bb1\/4&Prime;][\/vc_column][vc_column width=\u00a0\u00bb3\/4&Prime; css=\u00a0\u00bb.vc_custom_1609277960115{padding-top: 10px !important;}\u00a0\u00bb][\/vc_column][\/vc_row][vc_row css=\u00a0\u00bb.vc_custom_1569495316594{margin-top: 50px !important;}\u00a0\u00bb][vc_column width=\u00a0\u00bb1\/4&Prime;][\/vc_column][vc_column width=\u00a0\u00bb3\/4&Prime; css=\u00a0\u00bb.vc_custom_1609277960115{padding-top: 10px !important;}\u00a0\u00bb][\/vc_column][\/vc_row][vc_row css=\u00a0\u00bb.vc_custom_1569495316594{margin-top: 50px !important;}\u00a0\u00bb][vc_column width=\u00a0\u00bb1\/4&Prime; css=\u00a0\u00bb.vc_custom_1611611018579{padding-left: 50px !important;}\u00a0\u00bb][\/vc_column][vc_column width=\u00a0\u00bb3\/4&Prime; css=\u00a0\u00bb.vc_custom_1609277960115{padding-top: 10px !important;}\u00a0\u00bb][\/vc_column][\/vc_row][vc_row css=\u00a0\u00bb.vc_custom_1569495316594{margin-top: 50px !important;}\u00a0\u00bb][vc_column width=\u00a0\u00bb1\/4&Prime;][\/vc_column][vc_column width=\u00a0\u00bb3\/4&Prime; css=\u00a0\u00bb.vc_custom_1609277960115{padding-top: 10px !important;}\u00a0\u00bb][\/vc_column][\/vc_row][vc_row][vc_column css=\u00a0\u00bb.vc_custom_1712403685236{margin-top: 50px !important;margin-bottom: 50px !important;}\u00a0\u00bb][vc_column_text] We zijn op zoek naar vrijwilligers die ons willen helpen met simpele taken uit te voeren. Alle hulp is welkom, er zijn vele initiatieven die worden opgezet ! [\/vc_column_text][\/vc_column][\/vc_row]\" \/>\n<meta property=\"og:url\" content=\"https:\/\/be2030.be\/fr\/qui-sommes-nous\/\" \/>\n<meta property=\"og:site_name\" content=\"BE2030 United for Belgium - FR\" \/>\n<meta property=\"article:publisher\" content=\"https:\/\/www.facebook.com\/2030UnitedForBelgium\" \/>\n<meta property=\"article:modified_time\" content=\"2024-04-06T11:41:26+00:00\" \/>\n<meta name=\"twitter:card\" content=\"summary_large_image\" \/>\n<meta name=\"twitter:site\" content=\"@UnitedforBelgi1\" \/>\n<meta name=\"twitter:label1\" content=\"Dur\u00e9e de lecture est.\" \/>\n\t<meta name=\"twitter:data1\" content=\"4 minutes\" \/>\n<script type=\"application\/ld+json\" class=\"yoast-schema-graph\">{\"@context\":\"https:\/\/schema.org\",\"@graph\":[{\"@type\":\"WebPage\",\"@id\":\"https:\/\/be2030.be\/fr\/qui-sommes-nous\/\",\"url\":\"https:\/\/be2030.be\/fr\/qui-sommes-nous\/\",\"name\":\"Qui sommes-nous - BE2030 United for Belgium - FR\",\"isPartOf\":{\"@id\":\"https:\/\/be2030.be\/fr\/#website\"},\"datePublished\":\"2019-07-12T06:46:51+00:00\",\"dateModified\":\"2024-04-06T11:41:26+00:00\",\"breadcrumb\":{\"@id\":\"https:\/\/be2030.be\/fr\/qui-sommes-nous\/#breadcrumb\"},\"inLanguage\":\"fr-BE\",\"potentialAction\":[{\"@type\":\"ReadAction\",\"target\":[\"https:\/\/be2030.be\/fr\/qui-sommes-nous\/\"]}]},{\"@type\":\"BreadcrumbList\",\"@id\":\"https:\/\/be2030.be\/fr\/qui-sommes-nous\/#breadcrumb\",\"itemListElement\":[{\"@type\":\"ListItem\",\"position\":1,\"name\":\"Home\",\"item\":\"https:\/\/be2030.be\/fr\/\"},{\"@type\":\"ListItem\",\"position\":2,\"name\":\"Qui sommes-nous\"}]},{\"@type\":\"WebSite\",\"@id\":\"https:\/\/be2030.be\/fr\/#website\",\"url\":\"https:\/\/be2030.be\/fr\/\",\"name\":\"BE2030 United for Belgium - FR\",\"description\":\"\",\"publisher\":{\"@id\":\"https:\/\/be2030.be\/fr\/#organization\"},\"potentialAction\":[{\"@type\":\"SearchAction\",\"target\":{\"@type\":\"EntryPoint\",\"urlTemplate\":\"https:\/\/be2030.be\/fr\/?s={search_term_string}\"},\"query-input\":{\"@type\":\"PropertyValueSpecification\",\"valueRequired\":true,\"valueName\":\"search_term_string\"}}],\"inLanguage\":\"fr-BE\"},{\"@type\":\"Organization\",\"@id\":\"https:\/\/be2030.be\/fr\/#organization\",\"name\":\"BE2030 United for Belgium\",\"url\":\"https:\/\/be2030.be\/fr\/\",\"logo\":{\"@type\":\"ImageObject\",\"inLanguage\":\"fr-BE\",\"@id\":\"https:\/\/be2030.be\/fr\/#\/schema\/logo\/image\/\",\"url\":\"https:\/\/be2030.be\/fr\/wp-content\/uploads\/sites\/7\/2020\/12\/BE2030-BLACK-small.png\",\"contentUrl\":\"https:\/\/be2030.be\/fr\/wp-content\/uploads\/sites\/7\/2020\/12\/BE2030-BLACK-small.png\",\"width\":400,\"height\":147,\"caption\":\"BE2030 United for Belgium\"},\"image\":{\"@id\":\"https:\/\/be2030.be\/fr\/#\/schema\/logo\/image\/\"},\"sameAs\":[\"https:\/\/www.facebook.com\/2030UnitedForBelgium\",\"https:\/\/x.com\/UnitedforBelgi1\"]}]}<\/script>\n<!-- \/ Yoast SEO plugin. -->","yoast_head_json":{"title":"Qui sommes-nous - BE2030 United for Belgium - FR","robots":{"index":"index","follow":"follow","max-snippet":"max-snippet:-1","max-image-preview":"max-image-preview:large","max-video-preview":"max-video-preview:-1"},"canonical":"https:\/\/be2030.be\/fr\/qui-sommes-nous\/","og_locale":"fr_FR","og_type":"article","og_title":"Qui sommes-nous - BE2030 United for Belgium - FR","og_description":"[vc_row content_placement=\u00a0\u00bbmiddle\u00a0\u00bb css=\u00a0\u00bb.vc_custom_1563775325489{border-bottom-width: 1px !important;padding-bottom: 50px !important;border-bottom-color: #d0d1d1 !important;border-bottom-style: solid !important;}\u00a0\u00bb][vc_column width=\u00a0\u00bb1\/3&Prime; custom_styles_mobile=\u00a0\u00bb.vc_custom_1609274914432{padding-bottom: 30px !important;}\u00a0\u00bb][vc_column_text] Qui sommes nous ? [\/vc_column_text][\/vc_column][vc_column width=\u00a0\u00bb2\/3&Prime;][vc_column_text]Une br\u00e8ve pr\u00e9sentation des personnes qui s&rsquo;engagent pleinement dans la plate-forme BE2030 United for Belgium. Un pr\u00e9sident avec un conseil d&rsquo;administration et des membres permanents dont le but est de donner de la visibilit\u00e9 \u00e0 la grande majorit\u00e9 de nos concitoyens qui sont en faveur d&rsquo;une Belgique prosp\u00e8re, solidaire et unie.[\/vc_column_text][\/vc_column][\/vc_row][vc_row css=\u00a0\u00bb.vc_custom_1569495316594{margin-top: 50px !important;}\u00a0\u00bb][vc_column width=\u00a0\u00bb1\/4&Prime; css=\u00a0\u00bb.vc_custom_1611611006685{padding-left: 50px !important;}\u00a0\u00bb][\/vc_column][vc_column width=\u00a0\u00bb3\/4&Prime; css=\u00a0\u00bb.vc_custom_1609277960115{padding-top: 10px !important;}\u00a0\u00bb][\/vc_column][\/vc_row][vc_row css=\u00a0\u00bb.vc_custom_1569495316594{margin-top: 50px !important;}\u00a0\u00bb][vc_column width=\u00a0\u00bb1\/4&Prime;][\/vc_column][vc_column width=\u00a0\u00bb3\/4&Prime; css=\u00a0\u00bb.vc_custom_1609277960115{padding-top: 10px !important;}\u00a0\u00bb][\/vc_column][\/vc_row][vc_row css=\u00a0\u00bb.vc_custom_1569495316594{margin-top: 50px !important;}\u00a0\u00bb][vc_column width=\u00a0\u00bb1\/4&Prime;][\/vc_column][vc_column width=\u00a0\u00bb3\/4&Prime; css=\u00a0\u00bb.vc_custom_1609277960115{padding-top: 10px !important;}\u00a0\u00bb][\/vc_column][\/vc_row][vc_row css=\u00a0\u00bb.vc_custom_1569495316594{margin-top: 50px !important;}\u00a0\u00bb][vc_column width=\u00a0\u00bb1\/4&Prime; css=\u00a0\u00bb.vc_custom_1611611018579{padding-left: 50px !important;}\u00a0\u00bb][\/vc_column][vc_column width=\u00a0\u00bb3\/4&Prime; css=\u00a0\u00bb.vc_custom_1609277960115{padding-top: 10px !important;}\u00a0\u00bb][\/vc_column][\/vc_row][vc_row css=\u00a0\u00bb.vc_custom_1569495316594{margin-top: 50px !important;}\u00a0\u00bb][vc_column width=\u00a0\u00bb1\/4&Prime;][\/vc_column][vc_column width=\u00a0\u00bb3\/4&Prime; css=\u00a0\u00bb.vc_custom_1609277960115{padding-top: 10px !important;}\u00a0\u00bb][\/vc_column][\/vc_row][vc_row][vc_column css=\u00a0\u00bb.vc_custom_1712403685236{margin-top: 50px !important;margin-bottom: 50px !important;}\u00a0\u00bb][vc_column_text] We zijn op zoek naar vrijwilligers die ons willen helpen met simpele taken uit te voeren. Alle hulp is welkom, er zijn vele initiatieven die worden opgezet ! [\/vc_column_text][\/vc_column][\/vc_row]","og_url":"https:\/\/be2030.be\/fr\/qui-sommes-nous\/","og_site_name":"BE2030 United for Belgium - FR","article_publisher":"https:\/\/www.facebook.com\/2030UnitedForBelgium","article_modified_time":"2024-04-06T11:41:26+00:00","twitter_card":"summary_large_image","twitter_site":"@UnitedforBelgi1","twitter_misc":{"Dur\u00e9e de lecture est.":"4 minutes"},"schema":{"@context":"https:\/\/schema.org","@graph":[{"@type":"WebPage","@id":"https:\/\/be2030.be\/fr\/qui-sommes-nous\/","url":"https:\/\/be2030.be\/fr\/qui-sommes-nous\/","name":"Qui sommes-nous - BE2030 United for Belgium - FR","isPartOf":{"@id":"https:\/\/be2030.be\/fr\/#website"},"datePublished":"2019-07-12T06:46:51+00:00","dateModified":"2024-04-06T11:41:26+00:00","breadcrumb":{"@id":"https:\/\/be2030.be\/fr\/qui-sommes-nous\/#breadcrumb"},"inLanguage":"fr-BE","potentialAction":[{"@type":"ReadAction","target":["https:\/\/be2030.be\/fr\/qui-sommes-nous\/"]}]},{"@type":"BreadcrumbList","@id":"https:\/\/be2030.be\/fr\/qui-sommes-nous\/#breadcrumb","itemListElement":[{"@type":"ListItem","position":1,"name":"Home","item":"https:\/\/be2030.be\/fr\/"},{"@type":"ListItem","position":2,"name":"Qui sommes-nous"}]},{"@type":"WebSite","@id":"https:\/\/be2030.be\/fr\/#website","url":"https:\/\/be2030.be\/fr\/","name":"BE2030 United for Belgium - FR","description":"","publisher":{"@id":"https:\/\/be2030.be\/fr\/#organization"},"potentialAction":[{"@type":"SearchAction","target":{"@type":"EntryPoint","urlTemplate":"https:\/\/be2030.be\/fr\/?s={search_term_string}"},"query-input":{"@type":"PropertyValueSpecification","valueRequired":true,"valueName":"search_term_string"}}],"inLanguage":"fr-BE"},{"@type":"Organization","@id":"https:\/\/be2030.be\/fr\/#organization","name":"BE2030 United for Belgium","url":"https:\/\/be2030.be\/fr\/","logo":{"@type":"ImageObject","inLanguage":"fr-BE","@id":"https:\/\/be2030.be\/fr\/#\/schema\/logo\/image\/","url":"https:\/\/be2030.be\/fr\/wp-content\/uploads\/sites\/7\/2020\/12\/BE2030-BLACK-small.png","contentUrl":"https:\/\/be2030.be\/fr\/wp-content\/uploads\/sites\/7\/2020\/12\/BE2030-BLACK-small.png","width":400,"height":147,"caption":"BE2030 United for Belgium"},"image":{"@id":"https:\/\/be2030.be\/fr\/#\/schema\/logo\/image\/"},"sameAs":["https:\/\/www.facebook.com\/2030UnitedForBelgium","https:\/\/x.com\/UnitedforBelgi1"]}]}},"_links":{"self":[{"href":"https:\/\/be2030.be\/fr\/wp-json\/wp\/v2\/pages\/503","targetHints":{"allow":["GET"]}}],"collection":[{"href":"https:\/\/be2030.be\/fr\/wp-json\/wp\/v2\/pages"}],"about":[{"href":"https:\/\/be2030.be\/fr\/wp-json\/wp\/v2\/types\/page"}],"author":[{"embeddable":true,"href":"https:\/\/be2030.be\/fr\/wp-json\/wp\/v2\/users\/1"}],"replies":[{"embeddable":true,"href":"https:\/\/be2030.be\/fr\/wp-json\/wp\/v2\/comments?post=503"}],"version-history":[{"count":2,"href":"https:\/\/be2030.be\/fr\/wp-json\/wp\/v2\/pages\/503\/revisions"}],"predecessor-version":[{"id":3086,"href":"https:\/\/be2030.be\/fr\/wp-json\/wp\/v2\/pages\/503\/revisions\/3086"}],"wp:attachment":[{"href":"https:\/\/be2030.be\/fr\/wp-json\/wp\/v2\/media?parent=503"}],"curies":[{"name":"wp","href":"https:\/\/api.w.org\/{rel}","templated":true}]}}