{"id":2856,"date":"2021-01-30T10:03:13","date_gmt":"2021-01-30T09:03:13","guid":{"rendered":"http:\/\/be2030.be\/fr\/?post_type=product&#038;p=2856"},"modified":"2021-12-11T23:00:02","modified_gmt":"2021-12-11T22:00:02","slug":"membre-titulaire-be2030-pour-1-an","status":"publish","type":"product","link":"https:\/\/be2030.be\/fr\/product\/membre-titulaire-be2030-pour-1-an\/","title":{"rendered":"Membre titulaire BE2030 pour 1 an"},"content":{"rendered":"","protected":false},"excerpt":{"rendered":"<div>\n<div class=\"pricing_row_info\">Peut participer \u00e0 des activit\u00e9s b\u00e9n\u00e9voles au profit de BE2030<\/div>\n<div>Est invit\u00e9 \u00e0 certaines activit\u00e9s<\/div>\n<div class=\"pricing_row_info\">Re\u00e7oit le rapport annuel<\/div>\n<div>Il re\u00e7oit un \u00ab\u00a0pack de bienvenue\u00a0\u00bb<\/div>\n<div>Re\u00e7oit 3x\/an un r\u00e9sum\u00e9 de nos activit\u00e9s<\/div>\n<div>Peut faire des suggestions au Conseil d&rsquo;administration<\/div>\n<div>Adh\u00e9sion \u00e0 partir de 25 \u20ac\/an<\/div>\n<\/div>\n","protected":false},"featured_media":0,"comment_status":"open","ping_status":"closed","template":"","meta":[],"product_brand":[],"product_cat":[66],"product_tag":[],"class_list":{"0":"post-2856","1":"product","2":"type-product","3":"status-publish","5":"product_cat-adhesion","7":"first","8":"instock","9":"virtual","10":"taxable","11":"purchasable","12":"product-type-simple"},"yoast_head":"<!-- This site is optimized with the Yoast SEO plugin v27.2 - https:\/\/yoast.com\/product\/yoast-seo-wordpress\/ -->\n<title>Membre titulaire BE2030 pour 1 an - BE2030 United for Belgium - FR<\/title>\n<meta name=\"robots\" content=\"index, follow, max-snippet:-1, max-image-preview:large, max-video-preview:-1\" \/>\n<link rel=\"canonical\" href=\"https:\/\/be2030.be\/fr\/product\/membre-titulaire-be2030-pour-1-an\/\" \/>\n<meta property=\"og:locale\" content=\"fr_FR\" \/>\n<meta property=\"og:type\" content=\"article\" \/>\n<meta property=\"og:title\" content=\"Membre titulaire BE2030 pour 1 an - BE2030 United for Belgium - FR\" \/>\n<meta property=\"og:description\" content=\"Peut participer \u00e0 des activit\u00e9s b\u00e9n\u00e9voles au profit de BE2030 Est invit\u00e9 \u00e0 certaines activit\u00e9s Re\u00e7oit le rapport annuel Il re\u00e7oit un &quot;pack de bienvenue&quot; Re\u00e7oit 3x\/an un r\u00e9sum\u00e9 de nos activit\u00e9s Peut faire des suggestions au Conseil d&#039;administration Adh\u00e9sion \u00e0 partir de 25 \u20ac\/an\" \/>\n<meta property=\"og:url\" content=\"https:\/\/be2030.be\/fr\/product\/membre-titulaire-be2030-pour-1-an\/\" \/>\n<meta property=\"og:site_name\" content=\"BE2030 United for Belgium - FR\" \/>\n<meta property=\"article:publisher\" content=\"https:\/\/www.facebook.com\/2030UnitedForBelgium\" \/>\n<meta property=\"article:modified_time\" content=\"2021-12-11T22:00:02+00:00\" \/>\n<meta name=\"twitter:card\" content=\"summary_large_image\" \/>\n<meta name=\"twitter:site\" content=\"@UnitedforBelgi1\" \/>\n<script type=\"application\/ld+json\" class=\"yoast-schema-graph\">{\"@context\":\"https:\/\/schema.org\",\"@graph\":[{\"@type\":\"WebPage\",\"@id\":\"https:\/\/be2030.be\/fr\/product\/membre-titulaire-be2030-pour-1-an\/\",\"url\":\"https:\/\/be2030.be\/fr\/product\/membre-titulaire-be2030-pour-1-an\/\",\"name\":\"Membre titulaire BE2030 pour 1 an - BE2030 United for Belgium - FR\",\"isPartOf\":{\"@id\":\"https:\/\/be2030.be\/fr\/#website\"},\"datePublished\":\"2021-01-30T09:03:13+00:00\",\"dateModified\":\"2021-12-11T22:00:02+00:00\",\"breadcrumb\":{\"@id\":\"https:\/\/be2030.be\/fr\/product\/membre-titulaire-be2030-pour-1-an\/#breadcrumb\"},\"inLanguage\":\"fr-BE\",\"potentialAction\":[{\"@type\":\"ReadAction\",\"target\":[\"https:\/\/be2030.be\/fr\/product\/membre-titulaire-be2030-pour-1-an\/\"]}]},{\"@type\":\"BreadcrumbList\",\"@id\":\"https:\/\/be2030.be\/fr\/product\/membre-titulaire-be2030-pour-1-an\/#breadcrumb\",\"itemListElement\":[{\"@type\":\"ListItem\",\"position\":1,\"name\":\"Home\",\"item\":\"https:\/\/be2030.be\/fr\/\"},{\"@type\":\"ListItem\",\"position\":2,\"name\":\"Magasin\",\"item\":\"https:\/\/be2030.be\/fr\/magasin-2\/\"},{\"@type\":\"ListItem\",\"position\":3,\"name\":\"Membre titulaire BE2030 pour 1 an\"}]},{\"@type\":\"WebSite\",\"@id\":\"https:\/\/be2030.be\/fr\/#website\",\"url\":\"https:\/\/be2030.be\/fr\/\",\"name\":\"BE2030 United for Belgium - FR\",\"description\":\"\",\"publisher\":{\"@id\":\"https:\/\/be2030.be\/fr\/#organization\"},\"potentialAction\":[{\"@type\":\"SearchAction\",\"target\":{\"@type\":\"EntryPoint\",\"urlTemplate\":\"https:\/\/be2030.be\/fr\/?s={search_term_string}\"},\"query-input\":{\"@type\":\"PropertyValueSpecification\",\"valueRequired\":true,\"valueName\":\"search_term_string\"}}],\"inLanguage\":\"fr-BE\"},{\"@type\":\"Organization\",\"@id\":\"https:\/\/be2030.be\/fr\/#organization\",\"name\":\"BE2030 United for Belgium\",\"url\":\"https:\/\/be2030.be\/fr\/\",\"logo\":{\"@type\":\"ImageObject\",\"inLanguage\":\"fr-BE\",\"@id\":\"https:\/\/be2030.be\/fr\/#\/schema\/logo\/image\/\",\"url\":\"https:\/\/be2030.be\/fr\/wp-content\/uploads\/sites\/7\/2020\/12\/BE2030-BLACK-small.png\",\"contentUrl\":\"https:\/\/be2030.be\/fr\/wp-content\/uploads\/sites\/7\/2020\/12\/BE2030-BLACK-small.png\",\"width\":400,\"height\":147,\"caption\":\"BE2030 United for Belgium\"},\"image\":{\"@id\":\"https:\/\/be2030.be\/fr\/#\/schema\/logo\/image\/\"},\"sameAs\":[\"https:\/\/www.facebook.com\/2030UnitedForBelgium\",\"https:\/\/x.com\/UnitedforBelgi1\"]}]}<\/script>\n<!-- \/ Yoast SEO plugin. -->","yoast_head_json":{"title":"Membre titulaire BE2030 pour 1 an - BE2030 United for Belgium - FR","robots":{"index":"index","follow":"follow","max-snippet":"max-snippet:-1","max-image-preview":"max-image-preview:large","max-video-preview":"max-video-preview:-1"},"canonical":"https:\/\/be2030.be\/fr\/product\/membre-titulaire-be2030-pour-1-an\/","og_locale":"fr_FR","og_type":"article","og_title":"Membre titulaire BE2030 pour 1 an - BE2030 United for Belgium - FR","og_description":"Peut participer \u00e0 des activit\u00e9s b\u00e9n\u00e9voles au profit de BE2030 Est invit\u00e9 \u00e0 certaines activit\u00e9s Re\u00e7oit le rapport annuel Il re\u00e7oit un \"pack de bienvenue\" Re\u00e7oit 3x\/an un r\u00e9sum\u00e9 de nos activit\u00e9s Peut faire des suggestions au Conseil d'administration Adh\u00e9sion \u00e0 partir de 25 \u20ac\/an","og_url":"https:\/\/be2030.be\/fr\/product\/membre-titulaire-be2030-pour-1-an\/","og_site_name":"BE2030 United for Belgium - FR","article_publisher":"https:\/\/www.facebook.com\/2030UnitedForBelgium","article_modified_time":"2021-12-11T22:00:02+00:00","twitter_card":"summary_large_image","twitter_site":"@UnitedforBelgi1","schema":{"@context":"https:\/\/schema.org","@graph":[{"@type":"WebPage","@id":"https:\/\/be2030.be\/fr\/product\/membre-titulaire-be2030-pour-1-an\/","url":"https:\/\/be2030.be\/fr\/product\/membre-titulaire-be2030-pour-1-an\/","name":"Membre titulaire BE2030 pour 1 an - BE2030 United for Belgium - FR","isPartOf":{"@id":"https:\/\/be2030.be\/fr\/#website"},"datePublished":"2021-01-30T09:03:13+00:00","dateModified":"2021-12-11T22:00:02+00:00","breadcrumb":{"@id":"https:\/\/be2030.be\/fr\/product\/membre-titulaire-be2030-pour-1-an\/#breadcrumb"},"inLanguage":"fr-BE","potentialAction":[{"@type":"ReadAction","target":["https:\/\/be2030.be\/fr\/product\/membre-titulaire-be2030-pour-1-an\/"]}]},{"@type":"BreadcrumbList","@id":"https:\/\/be2030.be\/fr\/product\/membre-titulaire-be2030-pour-1-an\/#breadcrumb","itemListElement":[{"@type":"ListItem","position":1,"name":"Home","item":"https:\/\/be2030.be\/fr\/"},{"@type":"ListItem","position":2,"name":"Magasin","item":"https:\/\/be2030.be\/fr\/magasin-2\/"},{"@type":"ListItem","position":3,"name":"Membre titulaire BE2030 pour 1 an"}]},{"@type":"WebSite","@id":"https:\/\/be2030.be\/fr\/#website","url":"https:\/\/be2030.be\/fr\/","name":"BE2030 United for Belgium - FR","description":"","publisher":{"@id":"https:\/\/be2030.be\/fr\/#organization"},"potentialAction":[{"@type":"SearchAction","target":{"@type":"EntryPoint","urlTemplate":"https:\/\/be2030.be\/fr\/?s={search_term_string}"},"query-input":{"@type":"PropertyValueSpecification","valueRequired":true,"valueName":"search_term_string"}}],"inLanguage":"fr-BE"},{"@type":"Organization","@id":"https:\/\/be2030.be\/fr\/#organization","name":"BE2030 United for Belgium","url":"https:\/\/be2030.be\/fr\/","logo":{"@type":"ImageObject","inLanguage":"fr-BE","@id":"https:\/\/be2030.be\/fr\/#\/schema\/logo\/image\/","url":"https:\/\/be2030.be\/fr\/wp-content\/uploads\/sites\/7\/2020\/12\/BE2030-BLACK-small.png","contentUrl":"https:\/\/be2030.be\/fr\/wp-content\/uploads\/sites\/7\/2020\/12\/BE2030-BLACK-small.png","width":400,"height":147,"caption":"BE2030 United for Belgium"},"image":{"@id":"https:\/\/be2030.be\/fr\/#\/schema\/logo\/image\/"},"sameAs":["https:\/\/www.facebook.com\/2030UnitedForBelgium","https:\/\/x.com\/UnitedforBelgi1"]}]}},"_links":{"self":[{"href":"https:\/\/be2030.be\/fr\/wp-json\/wp\/v2\/product\/2856","targetHints":{"allow":["GET"]}}],"collection":[{"href":"https:\/\/be2030.be\/fr\/wp-json\/wp\/v2\/product"}],"about":[{"href":"https:\/\/be2030.be\/fr\/wp-json\/wp\/v2\/types\/product"}],"replies":[{"embeddable":true,"href":"https:\/\/be2030.be\/fr\/wp-json\/wp\/v2\/comments?post=2856"}],"wp:attachment":[{"href":"https:\/\/be2030.be\/fr\/wp-json\/wp\/v2\/media?parent=2856"}],"wp:term":[{"taxonomy":"product_brand","embeddable":true,"href":"https:\/\/be2030.be\/fr\/wp-json\/wp\/v2\/product_brand?post=2856"},{"taxonomy":"product_cat","embeddable":true,"href":"https:\/\/be2030.be\/fr\/wp-json\/wp\/v2\/product_cat?post=2856"},{"taxonomy":"product_tag","embeddable":true,"href":"https:\/\/be2030.be\/fr\/wp-json\/wp\/v2\/product_tag?post=2856"}],"curies":[{"name":"wp","href":"https:\/\/api.w.org\/{rel}","templated":true}]}}